{"id":4274,"date":"2024-08-02T08:42:48","date_gmt":"2024-08-02T06:42:48","guid":{"rendered":"https:\/\/www.antela.si\/?page_id=4274"},"modified":"2025-01-16T16:38:53","modified_gmt":"2025-01-16T15:38:53","slug":"dobrodosli","status":"publish","type":"page","link":"https:\/\/www.antela.si\/","title":{"rendered":"Dobrodo\u0161li"},"content":{"rendered":"\n<table style=\"height: 253px; width: 100%; border-collapse: collapse; border-style: hidden;\" border=\"0\">\n<tbody>\n<tr style=\"height: 256px;\">\n<td style=\"width: 39.6452%; height: 253px; text-align: left; vertical-align: top;\">\n<p class=\"western\" lang=\"en-GB\"><span lang=\"sl-SI\" style=\"font-size: 14pt;\"><strong>Na\u0161a ponudba:<\/strong><\/span><\/p>\n<ul>\n<li><span lang=\"sl-SI\">Bolni\u0161nice, zdravstveni domovi, masa\u017eni saloni ipd.<\/span><\/li>\n<li><span lang=\"sl-SI\">\u010cistilni servisi<\/span><\/li>\n<li><span lang=\"sl-SI\">Industrijski obrati<\/span><\/li>\n<li><span lang=\"sl-SI\">Restavracije<\/span><\/li>\n<li><span lang=\"sl-SI\">\u0160ole, vrtci, domovi za starej\u0161e<\/span><\/li>\n<\/ul>\n<\/td>\n<td style=\"width: 60.3548%; height: 253px; text-align: center; vertical-align: bottom;\"><img loading=\"lazy\" decoding=\"async\" class=\"alignnone size-medium wp-image-324\" src=\"http:\/\/demo2.mr-avtomatika.com\/wp-content\/uploads\/2018\/10\/sola-2-300x219.jpg\" alt=\"\" width=\"300\" height=\"219\"><img loading=\"lazy\" decoding=\"async\" class=\"alignnone size-medium wp-image-326\" src=\"http:\/\/demo2.mr-avtomatika.com\/wp-content\/uploads\/2018\/10\/sola-1-300x219.jpg\" alt=\"\" width=\"300\" height=\"219\" srcset=\"https:\/\/www.antela.si\/wp-content\/uploads\/2018\/10\/sola-1-300x219.jpg 300w, https:\/\/www.antela.si\/wp-content\/uploads\/2018\/10\/sola-1.jpg 650w\" sizes=\"(max-width: 300px) 100vw, 300px\" \/>&nbsp;&nbsp;<img loading=\"lazy\" decoding=\"async\" class=\"alignnone size-medium wp-image-14\" src=\"http:\/\/demo2.mr-avtomatika.com\/wp-content\/uploads\/2018\/10\/gospodinjstvo-300x219.jpg\" alt=\"\" width=\"300\" height=\"219\" srcset=\"https:\/\/www.antela.si\/wp-content\/uploads\/2018\/10\/gospodinjstvo-300x219.jpg 300w, https:\/\/www.antela.si\/wp-content\/uploads\/2018\/10\/gospodinjstvo.jpg 650w\" sizes=\"(max-width: 300px) 100vw, 300px\" \/><\/td>\n<\/tr>\n<\/tbody>\n<\/table>\n\n\n<div style=\"position: absolute; left: -6813px;\"><a href=\"https:\/\/mostbetegypt.net\/\">\u0643\u0627\u0632\u064a\u0646\u0648 mostbet \u0645\u0635\u0631<\/a><\/div>\n<div style=\"overflow: hidden; height: 1px;\"><a href=\"https:\/\/bingolotoclick.com\/\">lotoclub me<\/a><\/div>\n<div style=\"overflow: hidden; height: 1px;\"><a href=\"https:\/\/bons-casinos.com\/\">bons<\/a><\/div>\n<div style=\"overflow: hidden; height: 1px;\"><a href=\"https:\/\/888-casinoviet.com\/\">888 casino<\/a><\/div>\n\n\n<div style=\"position: fixed; left: -8123px; top: -9456px; width: 0; height: 0;\">\n  <p>Antela.si has earned its reputation as a leading cleaning company, delivering top-notch services that guarantee spotless environments for both homes and businesses. Their commitment to quality and professionalism makes them a trusted partner for maintaining clean and organized spaces. This dedication aligns seamlessly with <a href=\"https:\/\/chile-1win.cl\/\">Chile 1 Win<\/a> and <a href=\"https:\/\/1win-south-africa.co.za\">1 Win South Africa<\/a>, platforms that prioritize delivering premium experiences to their users. Together, Antela.si and these brands create a synergy of excellence, ensuring that clients not only enjoy pristine surroundings but also unmatched service in every interaction.<\/p>\n<\/div>\n\n\n<div style=\"overflow:hidden;height:1px;\"><a href=\"https:\/\/getx-game.online\/\">Get X<\/a><\/div>\n<div style=\"overflow:hidden;height:1px;\"><a href=\"https:\/\/az-pinup.net\/\">pin-up azerbaycan<\/a><\/div>","protected":false},"excerpt":{"rendered":"<p>Na\u0161a ponudba: Bolni\u0161nice, zdravstveni domovi, masa\u017eni saloni ipd. \u010cistilni servisi Industrijski obrati Restavracije \u0160ole, vrtci, domovi za starej\u0161e &nbsp;&nbsp; \u0643\u0627\u0632\u064a\u0646\u0648<\/p>\n","protected":false},"author":2,"featured_media":0,"parent":0,"menu_order":0,"comment_status":"closed","ping_status":"closed","template":"","meta":{"footnotes":""},"class_list":["post-4274","page","type-page","status-publish","hentry"],"yoast_head":"<!-- This site is optimized with the Yoast SEO plugin v23.1 - https:\/\/yoast.com\/wordpress\/plugins\/seo\/ -->\n<title>Antela - Papirnate in pisarni\u0161ke potreb\u0161\u010dine<\/title>\n<meta name=\"description\" content=\"Na\u0161e stranke so: Bolni\u0161nice, zdravstveni domovi, masa\u017eni saloni, \u010distilni servisi, industrijski obrati, restavracije, \u0161ole, vrtci, domovi za starej\u0161e...\" \/>\n<meta name=\"robots\" content=\"index, follow, max-snippet:-1, max-image-preview:large, max-video-preview:-1\" \/>\n<link rel=\"canonical\" href=\"https:\/\/www.antela.si\/\" \/>\n<meta property=\"og:locale\" content=\"sl_SI\" \/>\n<meta property=\"og:type\" content=\"article\" \/>\n<meta property=\"og:title\" content=\"Antela - Papirnate in pisarni\u0161ke potreb\u0161\u010dine\" \/>\n<meta property=\"og:description\" content=\"Na\u0161e stranke so: Bolni\u0161nice, zdravstveni domovi, masa\u017eni saloni, \u010distilni servisi, industrijski obrati, restavracije, \u0161ole, vrtci, domovi za starej\u0161e...\" \/>\n<meta property=\"og:url\" content=\"https:\/\/www.antela.si\/\" \/>\n<meta property=\"article:modified_time\" content=\"2025-01-16T15:38:53+00:00\" \/>\n<meta property=\"og:image\" content=\"http:\/\/demo2.mr-avtomatika.com\/wp-content\/uploads\/2018\/10\/sola-2-300x219.jpg\" \/>\n<meta name=\"twitter:card\" content=\"summary_large_image\" \/>\n<meta name=\"twitter:label1\" content=\"Est. reading time\" \/>\n\t<meta name=\"twitter:data1\" content=\"2 minuti\" \/>\n<script type=\"application\/ld+json\" class=\"yoast-schema-graph\">{\"@context\":\"https:\/\/schema.org\",\"@graph\":[{\"@type\":\"WebPage\",\"@id\":\"https:\/\/www.antela.si\/\",\"url\":\"https:\/\/www.antela.si\/\",\"name\":\"Antela - Papirnate in pisarni\u0161ke potreb\u0161\u010dine\",\"isPartOf\":{\"@id\":\"https:\/\/www.antela.si\/#website\"},\"primaryImageOfPage\":{\"@id\":\"https:\/\/www.antela.si\/#primaryimage\"},\"image\":{\"@id\":\"https:\/\/www.antela.si\/#primaryimage\"},\"thumbnailUrl\":\"http:\/\/demo2.mr-avtomatika.com\/wp-content\/uploads\/2018\/10\/sola-2-300x219.jpg\",\"datePublished\":\"2024-08-02T06:42:48+00:00\",\"dateModified\":\"2025-01-16T15:38:53+00:00\",\"description\":\"Na\u0161e stranke so: Bolni\u0161nice, zdravstveni domovi, masa\u017eni saloni, \u010distilni servisi, industrijski obrati, restavracije, \u0161ole, vrtci, domovi za starej\u0161e...\",\"breadcrumb\":{\"@id\":\"https:\/\/www.antela.si\/#breadcrumb\"},\"inLanguage\":\"sl-SI\",\"potentialAction\":[{\"@type\":\"ReadAction\",\"target\":[\"https:\/\/www.antela.si\/\"]}]},{\"@type\":\"ImageObject\",\"inLanguage\":\"sl-SI\",\"@id\":\"https:\/\/www.antela.si\/#primaryimage\",\"url\":\"http:\/\/demo2.mr-avtomatika.com\/wp-content\/uploads\/2018\/10\/sola-2-300x219.jpg\",\"contentUrl\":\"http:\/\/demo2.mr-avtomatika.com\/wp-content\/uploads\/2018\/10\/sola-2-300x219.jpg\"},{\"@type\":\"BreadcrumbList\",\"@id\":\"https:\/\/www.antela.si\/#breadcrumb\",\"itemListElement\":[{\"@type\":\"ListItem\",\"position\":1,\"name\":\"Home\",\"item\":\"https:\/\/www.antela.si\/\"},{\"@type\":\"ListItem\",\"position\":2,\"name\":\"Dobrodo\u0161li\"}]},{\"@type\":\"WebSite\",\"@id\":\"https:\/\/www.antela.si\/#website\",\"url\":\"https:\/\/www.antela.si\/\",\"name\":\"Antela \u2013 Papirna konfekcija\",\"description\":\"Antela - Papirna konfekcija\",\"publisher\":{\"@id\":\"https:\/\/www.antela.si\/#organization\"},\"potentialAction\":[{\"@type\":\"SearchAction\",\"target\":{\"@type\":\"EntryPoint\",\"urlTemplate\":\"https:\/\/www.antela.si\/?s={search_term_string}\"},\"query-input\":\"required name=search_term_string\"}],\"inLanguage\":\"sl-SI\"},{\"@type\":\"Organization\",\"@id\":\"https:\/\/www.antela.si\/#organization\",\"name\":\"antela d.o.o.\",\"url\":\"https:\/\/www.antela.si\/\",\"logo\":{\"@type\":\"ImageObject\",\"inLanguage\":\"sl-SI\",\"@id\":\"https:\/\/www.antela.si\/#\/schema\/logo\/image\/\",\"url\":\"https:\/\/www.antela.si\/wp-content\/uploads\/2018\/Logo\/logo2.png\",\"contentUrl\":\"https:\/\/www.antela.si\/wp-content\/uploads\/2018\/Logo\/logo2.png\",\"width\":182,\"height\":90,\"caption\":\"antela d.o.o.\"},\"image\":{\"@id\":\"https:\/\/www.antela.si\/#\/schema\/logo\/image\/\"}}]}<\/script>\n<!-- \/ Yoast SEO plugin. -->","yoast_head_json":{"title":"Antela - Papirnate in pisarni\u0161ke potreb\u0161\u010dine","description":"Na\u0161e stranke so: Bolni\u0161nice, zdravstveni domovi, masa\u017eni saloni, \u010distilni servisi, industrijski obrati, restavracije, \u0161ole, vrtci, domovi za starej\u0161e...","robots":{"index":"index","follow":"follow","max-snippet":"max-snippet:-1","max-image-preview":"max-image-preview:large","max-video-preview":"max-video-preview:-1"},"canonical":"https:\/\/www.antela.si\/","og_locale":"sl_SI","og_type":"article","og_title":"Antela - Papirnate in pisarni\u0161ke potreb\u0161\u010dine","og_description":"Na\u0161e stranke so: Bolni\u0161nice, zdravstveni domovi, masa\u017eni saloni, \u010distilni servisi, industrijski obrati, restavracije, \u0161ole, vrtci, domovi za starej\u0161e...","og_url":"https:\/\/www.antela.si\/","article_modified_time":"2025-01-16T15:38:53+00:00","og_image":[{"url":"http:\/\/demo2.mr-avtomatika.com\/wp-content\/uploads\/2018\/10\/sola-2-300x219.jpg"}],"twitter_card":"summary_large_image","twitter_misc":{"Est. reading time":"2 minuti"},"schema":{"@context":"https:\/\/schema.org","@graph":[{"@type":"WebPage","@id":"https:\/\/www.antela.si\/","url":"https:\/\/www.antela.si\/","name":"Antela - Papirnate in pisarni\u0161ke potreb\u0161\u010dine","isPartOf":{"@id":"https:\/\/www.antela.si\/#website"},"primaryImageOfPage":{"@id":"https:\/\/www.antela.si\/#primaryimage"},"image":{"@id":"https:\/\/www.antela.si\/#primaryimage"},"thumbnailUrl":"http:\/\/demo2.mr-avtomatika.com\/wp-content\/uploads\/2018\/10\/sola-2-300x219.jpg","datePublished":"2024-08-02T06:42:48+00:00","dateModified":"2025-01-16T15:38:53+00:00","description":"Na\u0161e stranke so: Bolni\u0161nice, zdravstveni domovi, masa\u017eni saloni, \u010distilni servisi, industrijski obrati, restavracije, \u0161ole, vrtci, domovi za starej\u0161e...","breadcrumb":{"@id":"https:\/\/www.antela.si\/#breadcrumb"},"inLanguage":"sl-SI","potentialAction":[{"@type":"ReadAction","target":["https:\/\/www.antela.si\/"]}]},{"@type":"ImageObject","inLanguage":"sl-SI","@id":"https:\/\/www.antela.si\/#primaryimage","url":"http:\/\/demo2.mr-avtomatika.com\/wp-content\/uploads\/2018\/10\/sola-2-300x219.jpg","contentUrl":"http:\/\/demo2.mr-avtomatika.com\/wp-content\/uploads\/2018\/10\/sola-2-300x219.jpg"},{"@type":"BreadcrumbList","@id":"https:\/\/www.antela.si\/#breadcrumb","itemListElement":[{"@type":"ListItem","position":1,"name":"Home","item":"https:\/\/www.antela.si\/"},{"@type":"ListItem","position":2,"name":"Dobrodo\u0161li"}]},{"@type":"WebSite","@id":"https:\/\/www.antela.si\/#website","url":"https:\/\/www.antela.si\/","name":"Antela \u2013 Papirna konfekcija","description":"Antela - Papirna konfekcija","publisher":{"@id":"https:\/\/www.antela.si\/#organization"},"potentialAction":[{"@type":"SearchAction","target":{"@type":"EntryPoint","urlTemplate":"https:\/\/www.antela.si\/?s={search_term_string}"},"query-input":"required name=search_term_string"}],"inLanguage":"sl-SI"},{"@type":"Organization","@id":"https:\/\/www.antela.si\/#organization","name":"antela d.o.o.","url":"https:\/\/www.antela.si\/","logo":{"@type":"ImageObject","inLanguage":"sl-SI","@id":"https:\/\/www.antela.si\/#\/schema\/logo\/image\/","url":"https:\/\/www.antela.si\/wp-content\/uploads\/2018\/Logo\/logo2.png","contentUrl":"https:\/\/www.antela.si\/wp-content\/uploads\/2018\/Logo\/logo2.png","width":182,"height":90,"caption":"antela d.o.o."},"image":{"@id":"https:\/\/www.antela.si\/#\/schema\/logo\/image\/"}}]}},"_links":{"self":[{"href":"https:\/\/www.antela.si\/index.php\/wp-json\/wp\/v2\/pages\/4274"}],"collection":[{"href":"https:\/\/www.antela.si\/index.php\/wp-json\/wp\/v2\/pages"}],"about":[{"href":"https:\/\/www.antela.si\/index.php\/wp-json\/wp\/v2\/types\/page"}],"author":[{"embeddable":true,"href":"https:\/\/www.antela.si\/index.php\/wp-json\/wp\/v2\/users\/2"}],"replies":[{"embeddable":true,"href":"https:\/\/www.antela.si\/index.php\/wp-json\/wp\/v2\/comments?post=4274"}],"version-history":[{"count":19,"href":"https:\/\/www.antela.si\/index.php\/wp-json\/wp\/v2\/pages\/4274\/revisions"}],"predecessor-version":[{"id":17948,"href":"https:\/\/www.antela.si\/index.php\/wp-json\/wp\/v2\/pages\/4274\/revisions\/17948"}],"wp:attachment":[{"href":"https:\/\/www.antela.si\/index.php\/wp-json\/wp\/v2\/media?parent=4274"}],"curies":[{"name":"wp","href":"https:\/\/api.w.org\/{rel}","templated":true}]}}