{"id":4292,"date":"2024-08-02T09:44:51","date_gmt":"2024-08-02T07:44:51","guid":{"rendered":"https:\/\/www.antela.si\/?page_id=4292"},"modified":"2024-08-02T09:47:11","modified_gmt":"2024-08-02T07:47:11","slug":"kontakti","status":"publish","type":"page","link":"https:\/\/www.antela.si\/index.php\/kontakti\/","title":{"rendered":"Kontakti"},"content":{"rendered":"\n<table style=\"height: 264px; width: 380px; border-style: hidden;\" border=\"0\">\n<tbody>\n<tr style=\"height: 24px; border-style: hidden;\">\n<td style=\"width: 182px; height: 24px; border-style: hidden;\"><span style=\"text-decoration: underline;\">Kontaktna oseba:<\/span><\/td>\n<td style=\"width: 184px; height: 24px; border-style: hidden;\">Bostjan Zemlji\u010d<\/td>\n<\/tr>\n<tr style=\"height: 24px;\">\n<td style=\"width: 182px; height: 24px; border-style: hidden;\"><span style=\"text-decoration: underline;\">Podjetje:<\/span><\/td>\n<td style=\"width: 184px; height: 24px; border-style: hidden;\">Antela d.o.o.<\/td>\n<\/tr>\n<tr style=\"height: 24px;\">\n<td style=\"width: 182px; height: 24px; border-style: hidden;\"><span style=\"text-decoration: underline;\">Naslov:<\/span><\/td>\n<td style=\"width: 184px; height: 24px; border-style: hidden;\">Kraigherjeva 19 b<\/td>\n<\/tr>\n<tr style=\"height: 24px;\">\n<td style=\"width: 182px; height: 24px; border-style: hidden;\"><span style=\"text-decoration: underline;\">Meslo:<\/span><\/td>\n<td style=\"width: 184px; height: 24px; border-style: hidden;\">Lenart<\/td>\n<\/tr>\n<tr style=\"height: 24px;\">\n<td style=\"width: 182px; height: 24px; border-style: hidden;\"><span style=\"text-decoration: underline;\">Dr\u017eava:<\/span><\/td>\n<td style=\"width: 184px; height: 24px; border-style: hidden;\">Slovenija<\/td>\n<\/tr>\n<tr style=\"height: 24px;\">\n<td style=\"width: 182px; height: 24px; border-style: hidden;\"><span style=\"text-decoration: underline;\">Po\u0161tna \u0161tevilka:<\/span><\/td>\n<td style=\"width: 184px; height: 24px; border-style: hidden;\">SI-2230<\/td>\n<\/tr>\n<tr style=\"height: 24px;\">\n<td style=\"width: 182px; height: 24px; border-style: hidden;\"><span style=\"text-decoration: underline;\">Telefon:<\/span><\/td>\n<td style=\"width: 184px; height: 24px; border-style: hidden;\">+386 (0) 59 032 200<\/td>\n<\/tr>\n<tr style=\"height: 24px;\">\n<td style=\"width: 182px; height: 24px; border-style: hidden;\"><span style=\"text-decoration: underline;\">Fax:<\/span><\/td>\n<td style=\"width: 184px; height: 24px; border-style: hidden;\">+386 (0) 59 032 202<\/td>\n<\/tr>\n<tr style=\"height: 24px;\">\n<td style=\"width: 182px; height: 24px; border-style: hidden;\"><span style=\"text-decoration: underline;\">Mobitel:<\/span><\/td>\n<td style=\"width: 184px; height: 24px; border-style: hidden;\">+386 (0)40 399 458<\/td>\n<\/tr>\n<tr style=\"height: 24px;\">\n<td style=\"width: 182px; height: 24px; border-style: hidden;\"><span style=\"text-decoration: underline;\">E mail:<\/span><\/td>\n<td style=\"width: 184px; height: 24px; border-style: hidden;\"><a title=\"e po\u0161ta\" href=\"mailto:bostjan.zemljic@antela.si\" target=\"_blank\" rel=\"noopener\">bostjan.zemljic@antela.si<\/a><\/td>\n<\/tr>\n<tr style=\"height: 24px;\">\n<td style=\"width: 182px; height: 24px; border-style: hidden;\"><span style=\"text-decoration: underline;\">Web:<\/span><\/td>\n<td style=\"width: 184px; height: 24px; border-style: hidden;\"><a title=\"klikni\" href=\"https:\/\/www.antela.si\/\" target=\"_blank\" rel=\"noopener\">www.antela.si<\/a><\/td>\n<\/tr>\n<\/tbody>\n<\/table>\n<p class=\"western\" lang=\"en-GB\"><span lang=\"sl-SI\" style=\"font-size: 14pt;\"><strong>Ostali kontakti:<\/strong><\/span><\/p>\n<p class=\"western\" lang=\"en-GB\"><span lang=\"sl-SI\"><strong>Direktor<\/strong>: Bo\u0161tjan Zemlji\u010d, +<\/span>386 (0)40 399 458,\u00a0 +386 (0) 59 032 200<\/p>\n<p class=\"western\" lang=\"en-GB\"><span lang=\"sl-SI\"><strong>Prodaja:<\/strong> Bo\u0161tjan Zemlji\u010d<\/span><\/p>\n<p class=\"western\" lang=\"en-GB\"><span lang=\"sl-SI\"><strong>Logistika in obdelava naro\u010dil:<\/strong> Mateja Sajko<\/span><\/p>\n<p class=\"western\" lang=\"en-GB\"><span lang=\"sl-SI\"><strong>Finance:<\/strong> Sabina Plemeni\u010d<br \/><\/span><\/p>\n<p class=\"western\" lang=\"en-GB\"><span lang=\"sl-SI\"><strong>Skladi\u0161\u010de:<\/strong> Momir Nikoli\u010d; Bo\u0161tjan Zemlji\u010d<\/span><\/p>\n<p class=\"western\" lang=\"en-GB\"><span lang=\"sl-SI\"><strong>Proizvodnja:<\/strong> Sandi Grahornik; Sre\u010dko Kuster<\/span><\/p>\n<p class=\"western\" lang=\"en-GB\"><span lang=\"sl-SI\"><strong>Splo\u0161no podro\u010dje:<\/strong> Sabina Plemeni\u010d<br \/><\/span><\/p>\n","protected":false},"excerpt":{"rendered":"<p>Kontaktna oseba: Bostjan Zemlji\u010d Podjetje: Antela d.o.o. Naslov: Kraigherjeva 19 b Meslo: Lenart Dr\u017eava: Slovenija Po\u0161tna \u0161tevilka: SI-2230 Telefon: +386<\/p>\n","protected":false},"author":1,"featured_media":0,"parent":0,"menu_order":0,"comment_status":"closed","ping_status":"closed","template":"","meta":{"footnotes":""},"class_list":["post-4292","page","type-page","status-publish","hentry"],"yoast_head":"<!-- This site is optimized with the Yoast SEO plugin v23.1 - https:\/\/yoast.com\/wordpress\/plugins\/seo\/ -->\n<title>Kontakti<\/title>\n<meta name=\"description\" content=\"Antela - kontakti\" \/>\n<meta name=\"robots\" content=\"index, follow, max-snippet:-1, max-image-preview:large, max-video-preview:-1\" \/>\n<link rel=\"canonical\" href=\"https:\/\/www.antela.si\/index.php\/kontakti\/\" \/>\n<meta property=\"og:locale\" content=\"sl_SI\" \/>\n<meta property=\"og:type\" content=\"article\" \/>\n<meta property=\"og:title\" content=\"Kontakti\" \/>\n<meta property=\"og:description\" content=\"Antela - kontakti\" \/>\n<meta property=\"og:url\" content=\"https:\/\/www.antela.si\/index.php\/kontakti\/\" \/>\n<meta property=\"article:modified_time\" content=\"2024-08-02T07:47:11+00:00\" \/>\n<meta name=\"twitter:card\" content=\"summary_large_image\" \/>\n<meta name=\"twitter:label1\" content=\"Est. reading time\" \/>\n\t<meta name=\"twitter:data1\" content=\"1 minuta\" \/>\n<script type=\"application\/ld+json\" class=\"yoast-schema-graph\">{\"@context\":\"https:\/\/schema.org\",\"@graph\":[{\"@type\":\"WebPage\",\"@id\":\"https:\/\/www.antela.si\/index.php\/kontakti\/\",\"url\":\"https:\/\/www.antela.si\/index.php\/kontakti\/\",\"name\":\"Kontakti\",\"isPartOf\":{\"@id\":\"https:\/\/www.antela.si\/#website\"},\"datePublished\":\"2024-08-02T07:44:51+00:00\",\"dateModified\":\"2024-08-02T07:47:11+00:00\",\"description\":\"Antela - kontakti\",\"breadcrumb\":{\"@id\":\"https:\/\/www.antela.si\/index.php\/kontakti\/#breadcrumb\"},\"inLanguage\":\"sl-SI\",\"potentialAction\":[{\"@type\":\"ReadAction\",\"target\":[\"https:\/\/www.antela.si\/index.php\/kontakti\/\"]}]},{\"@type\":\"BreadcrumbList\",\"@id\":\"https:\/\/www.antela.si\/index.php\/kontakti\/#breadcrumb\",\"itemListElement\":[{\"@type\":\"ListItem\",\"position\":1,\"name\":\"Home\",\"item\":\"https:\/\/www.antela.si\/\"},{\"@type\":\"ListItem\",\"position\":2,\"name\":\"Kontakti\"}]},{\"@type\":\"WebSite\",\"@id\":\"https:\/\/www.antela.si\/#website\",\"url\":\"https:\/\/www.antela.si\/\",\"name\":\"Antela \u2013 Papirna konfekcija\",\"description\":\"Antela - Papirna konfekcija\",\"publisher\":{\"@id\":\"https:\/\/www.antela.si\/#organization\"},\"potentialAction\":[{\"@type\":\"SearchAction\",\"target\":{\"@type\":\"EntryPoint\",\"urlTemplate\":\"https:\/\/www.antela.si\/?s={search_term_string}\"},\"query-input\":\"required name=search_term_string\"}],\"inLanguage\":\"sl-SI\"},{\"@type\":\"Organization\",\"@id\":\"https:\/\/www.antela.si\/#organization\",\"name\":\"antela d.o.o.\",\"url\":\"https:\/\/www.antela.si\/\",\"logo\":{\"@type\":\"ImageObject\",\"inLanguage\":\"sl-SI\",\"@id\":\"https:\/\/www.antela.si\/#\/schema\/logo\/image\/\",\"url\":\"https:\/\/www.antela.si\/wp-content\/uploads\/2018\/Logo\/logo2.png\",\"contentUrl\":\"https:\/\/www.antela.si\/wp-content\/uploads\/2018\/Logo\/logo2.png\",\"width\":182,\"height\":90,\"caption\":\"antela d.o.o.\"},\"image\":{\"@id\":\"https:\/\/www.antela.si\/#\/schema\/logo\/image\/\"}}]}<\/script>\n<!-- \/ Yoast SEO plugin. -->","yoast_head_json":{"title":"Kontakti","description":"Antela - kontakti","robots":{"index":"index","follow":"follow","max-snippet":"max-snippet:-1","max-image-preview":"max-image-preview:large","max-video-preview":"max-video-preview:-1"},"canonical":"https:\/\/www.antela.si\/index.php\/kontakti\/","og_locale":"sl_SI","og_type":"article","og_title":"Kontakti","og_description":"Antela - kontakti","og_url":"https:\/\/www.antela.si\/index.php\/kontakti\/","article_modified_time":"2024-08-02T07:47:11+00:00","twitter_card":"summary_large_image","twitter_misc":{"Est. reading time":"1 minuta"},"schema":{"@context":"https:\/\/schema.org","@graph":[{"@type":"WebPage","@id":"https:\/\/www.antela.si\/index.php\/kontakti\/","url":"https:\/\/www.antela.si\/index.php\/kontakti\/","name":"Kontakti","isPartOf":{"@id":"https:\/\/www.antela.si\/#website"},"datePublished":"2024-08-02T07:44:51+00:00","dateModified":"2024-08-02T07:47:11+00:00","description":"Antela - kontakti","breadcrumb":{"@id":"https:\/\/www.antela.si\/index.php\/kontakti\/#breadcrumb"},"inLanguage":"sl-SI","potentialAction":[{"@type":"ReadAction","target":["https:\/\/www.antela.si\/index.php\/kontakti\/"]}]},{"@type":"BreadcrumbList","@id":"https:\/\/www.antela.si\/index.php\/kontakti\/#breadcrumb","itemListElement":[{"@type":"ListItem","position":1,"name":"Home","item":"https:\/\/www.antela.si\/"},{"@type":"ListItem","position":2,"name":"Kontakti"}]},{"@type":"WebSite","@id":"https:\/\/www.antela.si\/#website","url":"https:\/\/www.antela.si\/","name":"Antela \u2013 Papirna konfekcija","description":"Antela - Papirna konfekcija","publisher":{"@id":"https:\/\/www.antela.si\/#organization"},"potentialAction":[{"@type":"SearchAction","target":{"@type":"EntryPoint","urlTemplate":"https:\/\/www.antela.si\/?s={search_term_string}"},"query-input":"required name=search_term_string"}],"inLanguage":"sl-SI"},{"@type":"Organization","@id":"https:\/\/www.antela.si\/#organization","name":"antela d.o.o.","url":"https:\/\/www.antela.si\/","logo":{"@type":"ImageObject","inLanguage":"sl-SI","@id":"https:\/\/www.antela.si\/#\/schema\/logo\/image\/","url":"https:\/\/www.antela.si\/wp-content\/uploads\/2018\/Logo\/logo2.png","contentUrl":"https:\/\/www.antela.si\/wp-content\/uploads\/2018\/Logo\/logo2.png","width":182,"height":90,"caption":"antela d.o.o."},"image":{"@id":"https:\/\/www.antela.si\/#\/schema\/logo\/image\/"}}]}},"_links":{"self":[{"href":"https:\/\/www.antela.si\/index.php\/wp-json\/wp\/v2\/pages\/4292"}],"collection":[{"href":"https:\/\/www.antela.si\/index.php\/wp-json\/wp\/v2\/pages"}],"about":[{"href":"https:\/\/www.antela.si\/index.php\/wp-json\/wp\/v2\/types\/page"}],"author":[{"embeddable":true,"href":"https:\/\/www.antela.si\/index.php\/wp-json\/wp\/v2\/users\/1"}],"replies":[{"embeddable":true,"href":"https:\/\/www.antela.si\/index.php\/wp-json\/wp\/v2\/comments?post=4292"}],"version-history":[{"count":2,"href":"https:\/\/www.antela.si\/index.php\/wp-json\/wp\/v2\/pages\/4292\/revisions"}],"predecessor-version":[{"id":4294,"href":"https:\/\/www.antela.si\/index.php\/wp-json\/wp\/v2\/pages\/4292\/revisions\/4294"}],"wp:attachment":[{"href":"https:\/\/www.antela.si\/index.php\/wp-json\/wp\/v2\/media?parent=4292"}],"curies":[{"name":"wp","href":"https:\/\/api.w.org\/{rel}","templated":true}]}}